{"id":129,"date":"2018-12-30T05:00:42","date_gmt":"2018-12-30T04:00:42","guid":{"rendered":"https:\/\/outsourcing-g7.com\/?page_id=129"},"modified":"2025-01-08T14:19:24","modified_gmt":"2025-01-08T13:19:24","slug":"about-us","status":"publish","type":"page","link":"https:\/\/outsourcing-g7.com\/pl\/about-us\/","title":{"rendered":"O nas &#8211; <span>skr\u00f3t informacji<\/span>"},"content":{"rendered":"<p>Szko\u0142a spadochronowa OUTSOURCING G7 to pierwsza w kraju i w Europie propozycja spadochronowego outsourcingu dla s\u0142u\u017cb mundurowych.<\/p>\n<p>Celem powstania i dzia\u0142alno\u015bci szko\u0142y jest wykorzystanie wiedzy i do\u015bwiadcze\u0144 by\u0142ych wojskowych instruktor\u00f3w spadochronowych, g\u0142\u00f3wnie \u017co\u0142nierzy Si\u0142 Specjalnych, w szkoleniu i przygotowaniu s\u0142u\u017cb mundurowych do przerzutu sposobem spadochronowym w rejon prowadzenia operacji. Proponowane szkolenia s\u0105 realizowane w oparciu o najnowsze techniki szkolenia i trendy w dziedzinie wojskowych skok\u00f3w spadochronowych.<\/p>\n<p>Szko\u0142\u0119 OUTSOURCING G7 cechuje profesjonalizm i zachowanie zasad bezpiecze\u0144stwa operacyjnego tzn. \u017ce nie ka\u017cdy rodzaj szkolenia jest dost\u0119pny dla wszystkich s\u0142u\u017cb mundurowych.<\/p>\n<p>Instruktorzy szko\u0142y to byli \u017co\u0142nierze si\u0142 specjalnych, posiadaj\u0105cy bardzo du\u017ce do\u015bwiadczenie w\u00a0szkoleniu, \u00a0byli skoczkowie grup HALO\/HAHO z wojskowymi uprawnieniami instruktorskimi klasy mistrzowskiej oraz wszystkimi uprawnieniami polskich instruktor\u00f3w cywilnych a tak\u017ce ameryka\u0144skimi USPA. Do\u015bwiadczenie instruktorskie od 3000 \u2013 10\u00a0000 skok\u00f3w spadochronowych.<\/p>\n<p>Szko\u0142a nie prowadzi szkole\u0144 dla s\u0142u\u017cb mundurowych spoza Paktu NATO.<\/p>\n","protected":false},"excerpt":{"rendered":"<p>Szko\u0142a spadochronowa OUTSOURCING G7 to pierwsza w kraju i w Europie propozycja spadochronowego outsourcingu dla s\u0142u\u017cb mundurowych. Celem powstania i dzia\u0142alno\u015bci szko\u0142y jest wykorzystanie wiedzy i do\u015bwiadcze\u0144 by\u0142ych wojskowych instruktor\u00f3w spadochronowych, g\u0142\u00f3wnie \u017co\u0142nierzy Si\u0142 Specjalnych, w szkoleniu i przygotowaniu s\u0142u\u017cb mundurowych do przerzutu sposobem spadochronowym w rejon prowadzenia operacji. Proponowane szkolenia s\u0105 realizowane w oparciu [&hellip;]<\/p>\n","protected":false},"author":1,"featured_media":0,"parent":0,"menu_order":0,"comment_status":"closed","ping_status":"closed","template":"","meta":{"footnotes":""},"class_list":["post-129","page","type-page","status-publish","hentry"],"_links":{"self":[{"href":"https:\/\/outsourcing-g7.com\/pl\/wp-json\/wp\/v2\/pages\/129","targetHints":{"allow":["GET"]}}],"collection":[{"href":"https:\/\/outsourcing-g7.com\/pl\/wp-json\/wp\/v2\/pages"}],"about":[{"href":"https:\/\/outsourcing-g7.com\/pl\/wp-json\/wp\/v2\/types\/page"}],"author":[{"embeddable":true,"href":"https:\/\/outsourcing-g7.com\/pl\/wp-json\/wp\/v2\/users\/1"}],"replies":[{"embeddable":true,"href":"https:\/\/outsourcing-g7.com\/pl\/wp-json\/wp\/v2\/comments?post=129"}],"version-history":[{"count":18,"href":"https:\/\/outsourcing-g7.com\/pl\/wp-json\/wp\/v2\/pages\/129\/revisions"}],"predecessor-version":[{"id":707,"href":"https:\/\/outsourcing-g7.com\/pl\/wp-json\/wp\/v2\/pages\/129\/revisions\/707"}],"wp:attachment":[{"href":"https:\/\/outsourcing-g7.com\/pl\/wp-json\/wp\/v2\/media?parent=129"}],"curies":[{"name":"wp","href":"https:\/\/api.w.org\/{rel}","templated":true}]}}