{"id":189,"date":"2018-12-30T13:30:55","date_gmt":"2018-12-30T12:30:55","guid":{"rendered":"https:\/\/outsourcing-g7.com\/?page_id=189"},"modified":"2022-11-12T23:29:59","modified_gmt":"2022-11-12T22:29:59","slug":"co-oferujemy","status":"publish","type":"page","link":"https:\/\/outsourcing-g7.com\/pl\/co-oferujemy\/","title":{"rendered":"Co oferujemy &#8211; <span>g\u0142\u00f3wne us\u0142ugi<\/span>"},"content":{"rendered":"\r\n<ul class=\"wp-block-list\">\r\n<li><strong>Kompleksowa organizacja system\u00f3w do zrzut\u00f3w CARGO.<\/strong><\/li>\r\n<li><strong>Szkolenia z zakresu zrzut\u00f3w CARGO.<\/strong><\/li>\r\n<li><strong>Organizacja test\u00f3w nowych system\u00f3w do zrzut\u00f3w CARGO.<\/strong><\/li>\r\n<li>Kompleksowa organizacja system\u00f3w szkolenia spadochronowego.<\/li>\r\n<li>Szkolenie ma\u0142ych grup do przerzutu sposobem spadochronowym w pe\u0142nym sprz\u0119cie taktycznym w systemie na wolne otwarcie od poziomu zero do skoku grupowego w nocy.<\/li>\r\n<li>Organizacja kurs\u00f3w instruktorskich, w tym przekwalifikowania instruktor\u00f3w wojskowych na cywilnych.<\/li>\r\n<li>Szkolenie instruktor\u00f3w spadochronowych AFF na potrzeby s\u0142u\u017cb mundurowych.<\/li>\r\n<li>Szkolenie instruktor\u00f3w spadochron\u00f3w tandemowych na potrzeby s\u0142u\u017cb mundurowych.<\/li>\r\n<li>Doradztwo, pomoc organizacyjna i pomoc techniczna w zabezpieczeniu skok\u00f3w z du\u017cej wysoko\u015bci.\u00a0<\/li>\r\n<li>Szkolenie medyczne przed skokami z du\u017cej wysoko\u015bci (HALO\/HAHO Ops).<\/li>\r\n<li>Szkolenie przewodnik\u00f3w ps\u00f3w szturmowych do przerzutu sposobem spadochronowym.<\/li>\r\n<li>Szkolenie do skok\u00f3w z zasobnikami ponadgabarytowymi.<\/li>\r\n<li>Szkolenie mechanik\u00f3w spadochronowych.<\/li>\r\n<li>Kompleksowa obs\u0142uga sprz\u0119tu spadochronowego.<\/li>\r\n<li>Szkolenie spadochronowe dla uczni\u00f3w klas o profilu wojskowym.<\/li>\r\n<li>Organizacja szkole\u0144 zagranicznych.<\/li>\r\n<\/ul>\r\n<p>Szkolenie mo\u017ce by\u0107 prowadzone zar\u00f3wno w j\u0119zyku polskim jak i angielskim.<\/p>\r\n<p>Z uwagi na kr\u00f3tki sezon spadochronowy w Polsce w sezonie zimowym szkolimy r\u00f3wnie\u017c za granic\u0105 &#8211; 12 m-cy w roku.<\/p>\r\n","protected":false},"excerpt":{"rendered":"<p>Kompleksowa organizacja system\u00f3w do zrzut\u00f3w CARGO. Szkolenia z zakresu zrzut\u00f3w CARGO. Organizacja test\u00f3w nowych system\u00f3w do zrzut\u00f3w CARGO. Kompleksowa organizacja system\u00f3w szkolenia spadochronowego. Szkolenie ma\u0142ych grup do przerzutu sposobem spadochronowym w pe\u0142nym sprz\u0119cie taktycznym w systemie na wolne otwarcie od poziomu zero do skoku grupowego w nocy. Organizacja kurs\u00f3w instruktorskich, w tym przekwalifikowania instruktor\u00f3w wojskowych [&hellip;]<\/p>\n","protected":false},"author":1,"featured_media":0,"parent":0,"menu_order":0,"comment_status":"closed","ping_status":"closed","template":"","meta":{"footnotes":""},"class_list":["post-189","page","type-page","status-publish","hentry"],"_links":{"self":[{"href":"https:\/\/outsourcing-g7.com\/pl\/wp-json\/wp\/v2\/pages\/189","targetHints":{"allow":["GET"]}}],"collection":[{"href":"https:\/\/outsourcing-g7.com\/pl\/wp-json\/wp\/v2\/pages"}],"about":[{"href":"https:\/\/outsourcing-g7.com\/pl\/wp-json\/wp\/v2\/types\/page"}],"author":[{"embeddable":true,"href":"https:\/\/outsourcing-g7.com\/pl\/wp-json\/wp\/v2\/users\/1"}],"replies":[{"embeddable":true,"href":"https:\/\/outsourcing-g7.com\/pl\/wp-json\/wp\/v2\/comments?post=189"}],"version-history":[{"count":18,"href":"https:\/\/outsourcing-g7.com\/pl\/wp-json\/wp\/v2\/pages\/189\/revisions"}],"predecessor-version":[{"id":569,"href":"https:\/\/outsourcing-g7.com\/pl\/wp-json\/wp\/v2\/pages\/189\/revisions\/569"}],"wp:attachment":[{"href":"https:\/\/outsourcing-g7.com\/pl\/wp-json\/wp\/v2\/media?parent=189"}],"curies":[{"name":"wp","href":"https:\/\/api.w.org\/{rel}","templated":true}]}}